{"id":2209,"date":"2024-05-24T12:52:54","date_gmt":"2024-05-24T11:52:54","guid":{"rendered":"https:\/\/foxinaboxgames.com\/sarajevo\/?page_id=2209"},"modified":"2026-03-17T13:32:08","modified_gmt":"2026-03-17T12:32:08","slug":"portable-games","status":"publish","type":"page","link":"https:\/\/foxinabox.ba\/en\/portable-games\/","title":{"rendered":"Portable games"},"content":{"rendered":"<div class=\"wp-block-group alignfull has-global-padding is-layout-constrained wp-block-group-is-layout-constrained\" style=\"margin-top:0;margin-bottom:0\">\n<div class=\"wp-block-cover alignfull is-light has-custom-white-color has-text-color has-link-color wp-elements-3da02c2947f370aeaef6dfbcdcd5d7ad\"><img decoding=\"async\" width=\"2000\" height=\"493\" class=\"wp-block-cover__image-background wp-image-2210\" alt=\"\" src=\"https:\/\/foxinaboxgames.com\/sarajevo\/wp-content\/uploads\/sites\/19\/2024\/05\/portable-games.-hero.jpg\" data-object-fit=\"cover\" srcset=\"https:\/\/foxinabox.ba\/wp-content\/uploads\/sites\/19\/2024\/05\/portable-games.-hero.jpg 2000w, https:\/\/foxinabox.ba\/wp-content\/uploads\/sites\/19\/2024\/05\/portable-games.-hero-300x74.jpg 300w, https:\/\/foxinabox.ba\/wp-content\/uploads\/sites\/19\/2024\/05\/portable-games.-hero-1024x252.jpg 1024w, https:\/\/foxinabox.ba\/wp-content\/uploads\/sites\/19\/2024\/05\/portable-games.-hero-768x189.jpg 768w, https:\/\/foxinabox.ba\/wp-content\/uploads\/sites\/19\/2024\/05\/portable-games.-hero-1536x379.jpg 1536w, https:\/\/foxinabox.ba\/wp-content\/uploads\/sites\/19\/2024\/05\/portable-games.-hero-18x4.jpg 18w, https:\/\/foxinabox.ba\/wp-content\/uploads\/sites\/19\/2024\/05\/portable-games.-hero-600x148.jpg 600w\" sizes=\"(max-width: 2000px) 100vw, 2000px\" \/><span aria-hidden=\"true\" class=\"wp-block-cover__background has-background-dim-0 has-background-dim\"><\/span><div class=\"wp-block-cover__inner-container has-global-padding is-layout-constrained wp-block-cover-is-layout-constrained\">\n<div class=\"wp-block-group alignwide has-global-padding is-layout-constrained wp-block-group-is-layout-constrained\" style=\"padding-top:var(--wp--preset--spacing--40);padding-bottom:var(--wp--preset--spacing--40)\">\n<h1 class=\"wp-block-heading alignwide has-text-align-left has-larger-font-size\" style=\"margin-top:var(--wp--preset--spacing--30);margin-bottom:var(--wp--preset--spacing--50);line-height:0.9\">MOBILE GAMES<\/h1>\n\n\n\n<div class=\"wp-block-columns alignwide is-layout-flex wp-container-core-columns-is-layout-f0342b05 wp-block-columns-is-layout-flex\" style=\"margin-top:0;margin-bottom:0\">\n<div class=\"wp-block-column is-layout-flow wp-block-column-is-layout-flow\" style=\"flex-basis:38%\">\n<p style=\"margin-top:0;margin-bottom:0\">Sometimes you need to move to discover the adventure \u2014 and sometimes the adventure finds you! Are you ready to save the world, uncover lost treasure, or assemble a long-lost robot and bring it back to life?<\/p>\n\n\n\n<div class=\"wp-block-buttons is-layout-flex wp-block-buttons-is-layout-flex\" style=\"margin-top:var(--wp--preset--spacing--60);margin-bottom:0\">\n<div class=\"wp-block-button is-style-button-arrow\"><a class=\"wp-block-button__link wp-element-button\" href=\"#contact\">CONTACT US<\/a><\/div>\n<\/div>\n<\/div>\n<\/div>\n<\/div>\n<\/div><\/div>\n<\/div>\n\n\n\n<div class=\"wp-block-group alignfull has-tertiary-background-color has-background is-layout-flow wp-block-group-is-layout-flow\" style=\"padding-top:4em;padding-bottom:4em\">\n<div class=\"wp-block-group alignwide has-global-padding is-layout-constrained wp-block-group-is-layout-constrained\">\n<div class=\"wp-block-columns alignwide is-layout-flex wp-container-core-columns-is-layout-28f84493 wp-block-columns-is-layout-flex\">\n<div class=\"wp-block-column is-layout-flow wp-block-column-is-layout-flow\" style=\"flex-basis:80%\">\n<h3 class=\"wp-block-heading has-medium-font-size\">FOX IN A BOX MOBILE GAMES<\/h3>\n<\/div>\n<\/div>\n\n\n\n<div class=\"wp-block-columns alignwide stack-on-tablet-portrait is-layout-flex wp-container-core-columns-is-layout-cf05694f wp-block-columns-is-layout-flex\">\n<div class=\"wp-block-column is-layout-flow wp-block-column-is-layout-flow\">\n<p>Choose one of our mobile games:<\/p>\n\n\n\n<p>Final Exam (You take on the role of secret agents who must save the world),\nBraganza (Open a treasure chest that no one has ever discovered), or\nComing Home (Bring the robot Gregg back to life \u2014 a traveler who has journeyed the world and will reveal his message of discovery).\n\nExperience the world of escape rooms in a unique way, perfectly suited for conference rooms, offices, and similar spaces.<\/p>\n<\/div>\n\n\n\n<div class=\"wp-block-column is-layout-flow wp-block-column-is-layout-flow\">\n<p>Players face the same time pressure as in an escape room, while the competitive element raises the adrenaline \u2014 as all teams play the same game simultaneously. <\/p>\n<\/div>\n<\/div>\n<\/div>\n<\/div>\n\n\n\n<figure class=\"wp-block-gallery alignwide has-nested-images columns-4 wp-block-gallery-1 is-layout-flex wp-block-gallery-is-layout-flex\" style=\"padding-top:4em;padding-bottom:4em\">\n<figure data-wp-context=\"{&quot;imageId&quot;:&quot;69d5ce57b618d&quot;}\" data-wp-interactive=\"core\/image\" data-wp-key=\"69d5ce57b618d\" class=\"wp-block-image size-full wp-lightbox-container\"><img decoding=\"async\" width=\"1031\" height=\"1251\" data-wp-class--hide=\"state.isContentHidden\" data-wp-class--show=\"state.isContentVisible\" data-wp-init=\"callbacks.setButtonStyles\" data-wp-on--click=\"actions.showLightbox\" data-wp-on--load=\"callbacks.setButtonStyles\" data-wp-on-window--resize=\"callbacks.setButtonStyles\" data-id=\"2191\" src=\"https:\/\/foxinaboxgames.com\/sarajevo\/wp-content\/uploads\/sites\/19\/2024\/05\/bistro-about.jpg\" alt=\"\" class=\"wp-image-2191\" srcset=\"https:\/\/foxinabox.ba\/wp-content\/uploads\/sites\/19\/2024\/05\/bistro-about.jpg 1031w, https:\/\/foxinabox.ba\/wp-content\/uploads\/sites\/19\/2024\/05\/bistro-about-247x300.jpg 247w, https:\/\/foxinabox.ba\/wp-content\/uploads\/sites\/19\/2024\/05\/bistro-about-844x1024.jpg 844w, https:\/\/foxinabox.ba\/wp-content\/uploads\/sites\/19\/2024\/05\/bistro-about-768x932.jpg 768w, https:\/\/foxinabox.ba\/wp-content\/uploads\/sites\/19\/2024\/05\/bistro-about-10x12.jpg 10w, https:\/\/foxinabox.ba\/wp-content\/uploads\/sites\/19\/2024\/05\/bistro-about-600x728.jpg 600w\" sizes=\"(max-width: 1031px) 100vw, 1031px\" \/><button\n\t\t\tclass=\"lightbox-trigger\"\n\t\t\ttype=\"button\"\n\t\t\taria-haspopup=\"dialog\"\n\t\t\taria-label=\"Enlarge\"\n\t\t\tdata-wp-init=\"callbacks.initTriggerButton\"\n\t\t\tdata-wp-on--click=\"actions.showLightbox\"\n\t\t\tdata-wp-style--right=\"state.imageButtonRight\"\n\t\t\tdata-wp-style--top=\"state.imageButtonTop\"\n\t\t>\n\t\t\t<svg xmlns=\"http:\/\/www.w3.org\/2000\/svg\" width=\"12\" height=\"12\" fill=\"none\" viewbox=\"0 0 12 12\">\n\t\t\t\t<path fill=\"#fff\" d=\"M2 0a2 2 0 0 0-2 2v2h1.5V2a.5.5 0 0 1 .5-.5h2V0H2Zm2 10.5H2a.5.5 0 0 1-.5-.5V8H0v2a2 2 0 0 0 2 2h2v-1.5ZM8 12v-1.5h2a.5.5 0 0 0 .5-.5V8H12v2a2 2 0 0 1-2 2H8Zm2-12a2 2 0 0 1 2 2v2h-1.5V2a.5.5 0 0 0-.5-.5H8V0h2Z\" \/>\n\t\t\t<\/svg>\n\t\t<\/button><\/figure>\n\n\n\n<figure data-wp-context=\"{&quot;imageId&quot;:&quot;69d5ce57b65e7&quot;}\" data-wp-interactive=\"core\/image\" data-wp-key=\"69d5ce57b65e7\" class=\"wp-block-image size-full wp-lightbox-container\"><img decoding=\"async\" width=\"690\" height=\"800\" data-wp-class--hide=\"state.isContentHidden\" data-wp-class--show=\"state.isContentVisible\" data-wp-init=\"callbacks.setButtonStyles\" data-wp-on--click=\"actions.showLightbox\" data-wp-on--load=\"callbacks.setButtonStyles\" data-wp-on-window--resize=\"callbacks.setButtonStyles\" data-id=\"2212\" src=\"https:\/\/foxinaboxgames.com\/sarajevo\/wp-content\/uploads\/sites\/19\/2024\/05\/Mask-group-2-1.jpg\" alt=\"\" class=\"wp-image-2212\" srcset=\"https:\/\/foxinabox.ba\/wp-content\/uploads\/sites\/19\/2024\/05\/Mask-group-2-1.jpg 690w, https:\/\/foxinabox.ba\/wp-content\/uploads\/sites\/19\/2024\/05\/Mask-group-2-1-259x300.jpg 259w, https:\/\/foxinabox.ba\/wp-content\/uploads\/sites\/19\/2024\/05\/Mask-group-2-1-10x12.jpg 10w, https:\/\/foxinabox.ba\/wp-content\/uploads\/sites\/19\/2024\/05\/Mask-group-2-1-600x696.jpg 600w\" sizes=\"(max-width: 690px) 100vw, 690px\" \/><button\n\t\t\tclass=\"lightbox-trigger\"\n\t\t\ttype=\"button\"\n\t\t\taria-haspopup=\"dialog\"\n\t\t\taria-label=\"Enlarge\"\n\t\t\tdata-wp-init=\"callbacks.initTriggerButton\"\n\t\t\tdata-wp-on--click=\"actions.showLightbox\"\n\t\t\tdata-wp-style--right=\"state.imageButtonRight\"\n\t\t\tdata-wp-style--top=\"state.imageButtonTop\"\n\t\t>\n\t\t\t<svg xmlns=\"http:\/\/www.w3.org\/2000\/svg\" width=\"12\" height=\"12\" fill=\"none\" viewbox=\"0 0 12 12\">\n\t\t\t\t<path fill=\"#fff\" d=\"M2 0a2 2 0 0 0-2 2v2h1.5V2a.5.5 0 0 1 .5-.5h2V0H2Zm2 10.5H2a.5.5 0 0 1-.5-.5V8H0v2a2 2 0 0 0 2 2h2v-1.5ZM8 12v-1.5h2a.5.5 0 0 0 .5-.5V8H12v2a2 2 0 0 1-2 2H8Zm2-12a2 2 0 0 1 2 2v2h-1.5V2a.5.5 0 0 0-.5-.5H8V0h2Z\" \/>\n\t\t\t<\/svg>\n\t\t<\/button><\/figure>\n\n\n\n<figure data-wp-context=\"{&quot;imageId&quot;:&quot;69d5ce57b69e4&quot;}\" data-wp-interactive=\"core\/image\" data-wp-key=\"69d5ce57b69e4\" class=\"wp-block-image size-full wp-lightbox-container\"><img decoding=\"async\" width=\"500\" height=\"600\" data-wp-class--hide=\"state.isContentHidden\" data-wp-class--show=\"state.isContentVisible\" data-wp-init=\"callbacks.setButtonStyles\" data-wp-on--click=\"actions.showLightbox\" data-wp-on--load=\"callbacks.setButtonStyles\" data-wp-on-window--resize=\"callbacks.setButtonStyles\" data-id=\"15626\" src=\"https:\/\/foxinaboxgames.com\/sarajevo\/wp-content\/uploads\/sites\/19\/2026\/03\/IMG_0583_lui.jpg\" alt=\"\" class=\"wp-image-15626\" srcset=\"https:\/\/foxinabox.ba\/wp-content\/uploads\/sites\/19\/2026\/03\/IMG_0583_lui.jpg 500w, https:\/\/foxinabox.ba\/wp-content\/uploads\/sites\/19\/2026\/03\/IMG_0583_lui-250x300.jpg 250w, https:\/\/foxinabox.ba\/wp-content\/uploads\/sites\/19\/2026\/03\/IMG_0583_lui-10x12.jpg 10w\" sizes=\"(max-width: 500px) 100vw, 500px\" \/><button\n\t\t\tclass=\"lightbox-trigger\"\n\t\t\ttype=\"button\"\n\t\t\taria-haspopup=\"dialog\"\n\t\t\taria-label=\"Enlarge\"\n\t\t\tdata-wp-init=\"callbacks.initTriggerButton\"\n\t\t\tdata-wp-on--click=\"actions.showLightbox\"\n\t\t\tdata-wp-style--right=\"state.imageButtonRight\"\n\t\t\tdata-wp-style--top=\"state.imageButtonTop\"\n\t\t>\n\t\t\t<svg xmlns=\"http:\/\/www.w3.org\/2000\/svg\" width=\"12\" height=\"12\" fill=\"none\" viewbox=\"0 0 12 12\">\n\t\t\t\t<path fill=\"#fff\" d=\"M2 0a2 2 0 0 0-2 2v2h1.5V2a.5.5 0 0 1 .5-.5h2V0H2Zm2 10.5H2a.5.5 0 0 1-.5-.5V8H0v2a2 2 0 0 0 2 2h2v-1.5ZM8 12v-1.5h2a.5.5 0 0 0 .5-.5V8H12v2a2 2 0 0 1-2 2H8Zm2-12a2 2 0 0 1 2 2v2h-1.5V2a.5.5 0 0 0-.5-.5H8V0h2Z\" \/>\n\t\t\t<\/svg>\n\t\t<\/button><\/figure>\n\n\n\n<figure data-wp-context=\"{&quot;imageId&quot;:&quot;69d5ce57b6d7c&quot;}\" data-wp-interactive=\"core\/image\" data-wp-key=\"69d5ce57b6d7c\" class=\"wp-block-image size-full wp-lightbox-container\"><img decoding=\"async\" width=\"690\" height=\"800\" data-wp-class--hide=\"state.isContentHidden\" data-wp-class--show=\"state.isContentVisible\" data-wp-init=\"callbacks.setButtonStyles\" data-wp-on--click=\"actions.showLightbox\" data-wp-on--load=\"callbacks.setButtonStyles\" data-wp-on-window--resize=\"callbacks.setButtonStyles\" data-id=\"2214\" src=\"https:\/\/foxinaboxgames.com\/sarajevo\/wp-content\/uploads\/sites\/19\/2024\/05\/Mask-group-1.jpg\" alt=\"\" class=\"wp-image-2214\" srcset=\"https:\/\/foxinabox.ba\/wp-content\/uploads\/sites\/19\/2024\/05\/Mask-group-1.jpg 690w, https:\/\/foxinabox.ba\/wp-content\/uploads\/sites\/19\/2024\/05\/Mask-group-1-259x300.jpg 259w, https:\/\/foxinabox.ba\/wp-content\/uploads\/sites\/19\/2024\/05\/Mask-group-1-10x12.jpg 10w, https:\/\/foxinabox.ba\/wp-content\/uploads\/sites\/19\/2024\/05\/Mask-group-1-600x696.jpg 600w\" sizes=\"(max-width: 690px) 100vw, 690px\" \/><button\n\t\t\tclass=\"lightbox-trigger\"\n\t\t\ttype=\"button\"\n\t\t\taria-haspopup=\"dialog\"\n\t\t\taria-label=\"Enlarge\"\n\t\t\tdata-wp-init=\"callbacks.initTriggerButton\"\n\t\t\tdata-wp-on--click=\"actions.showLightbox\"\n\t\t\tdata-wp-style--right=\"state.imageButtonRight\"\n\t\t\tdata-wp-style--top=\"state.imageButtonTop\"\n\t\t>\n\t\t\t<svg xmlns=\"http:\/\/www.w3.org\/2000\/svg\" width=\"12\" height=\"12\" fill=\"none\" viewbox=\"0 0 12 12\">\n\t\t\t\t<path fill=\"#fff\" d=\"M2 0a2 2 0 0 0-2 2v2h1.5V2a.5.5 0 0 1 .5-.5h2V0H2Zm2 10.5H2a.5.5 0 0 1-.5-.5V8H0v2a2 2 0 0 0 2 2h2v-1.5ZM8 12v-1.5h2a.5.5 0 0 0 .5-.5V8H12v2a2 2 0 0 1-2 2H8Zm2-12a2 2 0 0 1 2 2v2h-1.5V2a.5.5 0 0 0-.5-.5H8V0h2Z\" \/>\n\t\t\t<\/svg>\n\t\t<\/button><\/figure>\n<\/figure>\n\n\n\n<div class=\"wp-block-group alignfull has-offwhite-background-color has-background is-layout-flow wp-block-group-is-layout-flow\" id=\"contact\" style=\"padding-top:4em;padding-bottom:4em\">\n<div class=\"wp-block-group alignwide has-global-padding is-layout-constrained wp-block-group-is-layout-constrained\">\n<div class=\"wp-block-columns alignwide stack-on-tablet-portrait is-layout-flex wp-container-core-columns-is-layout-cf05694f wp-block-columns-is-layout-flex\">\n<div class=\"wp-block-column is-layout-flow wp-block-column-is-layout-flow\">\n<div class=\"wp-block-columns is-layout-flex wp-container-core-columns-is-layout-28f84493 wp-block-columns-is-layout-flex\">\n<div class=\"wp-block-column is-layout-flow wp-block-column-is-layout-flow\" style=\"flex-basis:70%\">\n<h3 class=\"wp-block-heading has-large-font-size\" style=\"padding-bottom:var(--wp--preset--spacing--70)\">CONTACT OUR EVENTS TEAM<\/h3>\n\n\n\n<p>Fill out the form below and our event coordinator will contact you as soon as possible.<\/p>\n\n\n\n<p>You can also reach us at info@foxinabox.ba<br>or call us at<\/p>\n\n\n\n<p>+387 61 101 007<\/p>\n\n\n\n<p>+387 61 139 743<\/p>\n<\/div>\n<\/div>\n<\/div>\n\n\n\n<div class=\"wp-block-column is-layout-flow wp-block-column-is-layout-flow\">\n<div class=\"wp-block-group has-global-padding is-layout-constrained wp-block-group-is-layout-constrained\">\n<div class=\"wpcf7 no-js\" id=\"wpcf7-f678-o1\" lang=\"en-US\" dir=\"ltr\" data-wpcf7-id=\"678\">\n<div class=\"screen-reader-response\"><p role=\"status\" aria-live=\"polite\" aria-atomic=\"true\"><\/p> <ul><\/ul><\/div>\n<form action=\"\/en\/wp-json\/wp\/v2\/pages\/2209#wpcf7-f678-o1\" method=\"post\" class=\"wpcf7-form init\" aria-label=\"Contact form\" novalidate=\"novalidate\" data-status=\"init\" data-trp-original-action=\"\/en\/wp-json\/wp\/v2\/pages\/2209#wpcf7-f678-o1\">\n<fieldset class=\"hidden-fields-container\"><input type=\"hidden\" name=\"_wpcf7\" value=\"678\" \/><input type=\"hidden\" name=\"_wpcf7_version\" value=\"6.1.4\" \/><input type=\"hidden\" name=\"_wpcf7_locale\" value=\"en_US\" \/><input type=\"hidden\" name=\"_wpcf7_unit_tag\" value=\"wpcf7-f678-o1\" \/><input type=\"hidden\" name=\"_wpcf7_container_post\" value=\"0\" \/><input type=\"hidden\" name=\"_wpcf7_posted_data_hash\" value=\"\" \/>\n<\/fieldset>\n<p><span class=\"wpcf7-form-control-wrap\" data-name=\"your-email\"><input size=\"40\" maxlength=\"400\" class=\"wpcf7-form-control wpcf7-email wpcf7-validates-as-required wpcf7-text wpcf7-validates-as-email\" autocomplete=\"email\" aria-required=\"true\" aria-invalid=\"false\" placeholder=\"Email\" value=\"\" type=\"email\" name=\"your-email\" \/><\/span>\n<\/p>\n<p><span class=\"wpcf7-form-control-wrap\" data-name=\"your-message\"><textarea cols=\"40\" rows=\"10\" maxlength=\"2000\" class=\"wpcf7-form-control wpcf7-textarea wpcf7-validates-as-required\" aria-required=\"true\" aria-invalid=\"false\" placeholder=\"Your message\" name=\"your-message\"><\/textarea><\/span>\n<\/p>\n<div class=\"wp-block-button is-style-button-arrow\">\n<\/div>\n<p><div class=\"cf7-cf-turnstile\" style=\"margin-top: 0px; margin-bottom: -15px;\"> <div id=\"cf-turnstile-cf7-460134981\" class=\"cf-turnstile\" data-sitekey=\"0x4AAAAAAB1q8GsU0-U2CrkP\" data-theme=\"light\" data-language=\"auto\" data-size=\"normal\" data-retry=\"auto\" data-retry-interval=\"1000\" data-action=\"contact-form-7\" data-appearance=\"always\"><\/div> <script>document.addEventListener(\"DOMContentLoaded\", function() { setTimeout(function(){ var e=document.getElementById(\"cf-turnstile-cf7-460134981\"); e&&!e.innerHTML.trim()&&(turnstile.remove(\"#cf-turnstile-cf7-460134981\"), turnstile.render(\"#cf-turnstile-cf7-460134981\", {sitekey:\"0x4AAAAAAB1q8GsU0-U2CrkP\"})); }, 0); });<\/script> <br class=\"cf-turnstile-br cf-turnstile-br-cf7-460134981\"> <style>#cf-turnstile-cf7-460134981 { margin-left: -15px; }<\/style> <script>document.addEventListener(\"DOMContentLoaded\",function(){document.querySelectorAll('.wpcf7-form').forEach(function(e){e.addEventListener('submit',function(){if(document.getElementById('cf-turnstile-cf7-460134981')){setTimeout(function(){turnstile.reset('#cf-turnstile-cf7-460134981');},1000)}})})});<\/script> <\/div>\n<\/p>\n<div class=\"wp-block-button is-style-button-arrow\">\n\t<p><button type=\"submit\" class=\"wp-block-button__link wp-element-button wpcf7-form-control wpcf7-submit has-spinner\">Send Message<\/button>\n\t<\/p>\n<\/div><input type='hidden' class='wpcf7-pum' value='{\"closepopup\":false,\"closedelay\":0,\"openpopup\":false,\"openpopup_id\":0}' \/><div class=\"wpcf7-response-output\" aria-hidden=\"true\"><\/div>\n<input type=\"hidden\" name=\"trp-form-language\" value=\"en\"\/><\/form>\n<\/div>\n\n<\/div>\n<\/div>\n<\/div>\n<\/div>\n<\/div>","protected":false},"excerpt":{"rendered":"<p>MOBILNE FOX IN A BOX IGRE Odaberite jednu od na\u0161ih mobilnih igara: Final exam (U ulozi ste tajnih agenata koji moraju da spasu svijet), Braganza (otvorite kov\u010deg s blagom koje jo\u0161 niko nije prona\u0161ao) ili Coming Home (O\u017eivite robota Gregga koji je putovao svijetom i koji \u0107e vam saop\u0161titi svoju poruku otkri\u0107a). Iskusite svijet escape [&hellip;]<\/p>","protected":false},"author":4,"featured_media":0,"parent":0,"menu_order":0,"comment_status":"closed","ping_status":"closed","template":"","meta":{"_sitemap_exclude":false,"_sitemap_priority":"","_sitemap_frequency":"","footnotes":""},"class_list":["post-2209","page","type-page","status-publish","hentry"],"_links":{"self":[{"href":"https:\/\/foxinabox.ba\/en\/wp-json\/wp\/v2\/pages\/2209","targetHints":{"allow":["GET"]}}],"collection":[{"href":"https:\/\/foxinabox.ba\/en\/wp-json\/wp\/v2\/pages"}],"about":[{"href":"https:\/\/foxinabox.ba\/en\/wp-json\/wp\/v2\/types\/page"}],"author":[{"embeddable":true,"href":"https:\/\/foxinabox.ba\/en\/wp-json\/wp\/v2\/users\/4"}],"replies":[{"embeddable":true,"href":"https:\/\/foxinabox.ba\/en\/wp-json\/wp\/v2\/comments?post=2209"}],"version-history":[{"count":8,"href":"https:\/\/foxinabox.ba\/en\/wp-json\/wp\/v2\/pages\/2209\/revisions"}],"predecessor-version":[{"id":15651,"href":"https:\/\/foxinabox.ba\/en\/wp-json\/wp\/v2\/pages\/2209\/revisions\/15651"}],"wp:attachment":[{"href":"https:\/\/foxinabox.ba\/en\/wp-json\/wp\/v2\/media?parent=2209"}],"curies":[{"name":"wp","href":"https:\/\/api.w.org\/{rel}","templated":true}]}}