{"id":2498,"date":"2026-01-30T09:21:49","date_gmt":"2026-01-30T08:21:49","guid":{"rendered":"https:\/\/foxinaboxgames.com\/sarajevo\/?post_type=product&#038;p=2498"},"modified":"2026-02-06T11:11:43","modified_gmt":"2026-02-06T10:11:43","slug":"the-secret-of-sarajevo-museum","status":"publish","type":"product","link":"https:\/\/foxinabox.ba\/en\/p\/fox-hunt\/the-secret-of-sarajevo-museum\/","title":{"rendered":"THE SECRET OF THE SARAJEVO MUSEUM"},"content":{"rendered":"<div class=\"wp-block-group alignwide is-layout-flow wp-block-group-is-layout-flow\" style=\"margin-top:0;margin-bottom:0;padding-top:5rem;padding-bottom:4rem\">\n<div class=\"wp-block-group has-global-padding is-layout-constrained wp-block-group-is-layout-constrained\">\n<div class=\"wp-block-columns alignwide is-layout-flex wp-container-core-columns-is-layout-123045d2 wp-block-columns-is-layout-flex\">\n<div class=\"wp-block-column is-layout-flow wp-block-column-is-layout-flow\" style=\"flex-basis:45%\"><figure style=\"aspect-ratio:1;\" class=\"wp-block-post-featured-image\"><img decoding=\"async\" width=\"1200\" height=\"1210\" src=\"https:\/\/foxinabox.ba\/wp-content\/uploads\/sites\/19\/2026\/01\/Screenshot-2024-08-28-at-20.24.35.png\" class=\"attachment-post-thumbnail size-post-thumbnail wp-post-image\" alt=\"\" style=\"border-radius:8px;width:100%;height:100%;object-fit:cover;\" srcset=\"https:\/\/foxinabox.ba\/wp-content\/uploads\/sites\/19\/2026\/01\/Screenshot-2024-08-28-at-20.24.35.png 1200w, https:\/\/foxinabox.ba\/wp-content\/uploads\/sites\/19\/2026\/01\/Screenshot-2024-08-28-at-20.24.35-298x300.png 298w, https:\/\/foxinabox.ba\/wp-content\/uploads\/sites\/19\/2026\/01\/Screenshot-2024-08-28-at-20.24.35-1016x1024.png 1016w, https:\/\/foxinabox.ba\/wp-content\/uploads\/sites\/19\/2026\/01\/Screenshot-2024-08-28-at-20.24.35-150x150.png 150w, https:\/\/foxinabox.ba\/wp-content\/uploads\/sites\/19\/2026\/01\/Screenshot-2024-08-28-at-20.24.35-768x774.png 768w, https:\/\/foxinabox.ba\/wp-content\/uploads\/sites\/19\/2026\/01\/Screenshot-2024-08-28-at-20.24.35-12x12.png 12w, https:\/\/foxinabox.ba\/wp-content\/uploads\/sites\/19\/2026\/01\/Screenshot-2024-08-28-at-20.24.35-600x605.png 600w, https:\/\/foxinabox.ba\/wp-content\/uploads\/sites\/19\/2026\/01\/Screenshot-2024-08-28-at-20.24.35-100x100.png 100w\" sizes=\"(max-width: 1200px) 100vw, 1200px\" \/><\/figure><\/div>\n\n\n\n<div class=\"wp-block-column is-layout-flow wp-block-column-is-layout-flow\" style=\"flex-basis:55%\"><h1 style=\"margin-bottom:var(--wp--preset--spacing--50);margin-top:0;\" class=\"alignwide wp-block-post-title has-extra-large-font-size\">THE SECRET OF THE SARAJEVO MUSEUM<\/h1>\n\n\n<div class=\"wp-block-group is-content-justification-space-between is-nowrap is-layout-flex wp-container-core-group-is-layout-cb46ffcb wp-block-group-is-layout-flex\"><span class=\"woocommerce-Price-amount amount\"><bdi><span class=\"price-number-only\">100.00<\/span>&nbsp;<span class=\"woocommerce-Price-currencySymbol\">BAM<\/span><\/bdi><\/span>\n\n\n\n<p><strong>FOR A TEAM OF 1\u20135 PEOPLE<\/strong><\/p>\n<\/div>\n\n\n\n<hr class=\"wp-block-separator has-text-color has-alpha-channel-opacity has-background\" style=\"margin-top:var(--wp--preset--spacing--30);margin-bottom:var(--wp--preset--spacing--60);background-color:#00000005;color:#00000005\"\/>\n\n\n\n<div class=\"wp-block-group alignwide is-layout-flow wp-block-group-is-layout-flow\"><div style=\"margin-bottom:var(--wp--preset--spacing--40)\" class=\"taxonomy-product_tag wp-block-post-terms has-extra-extra-small-font-size\"><a href=\"https:\/\/foxinabox.ba\/en\/product-tag\/10h-16h\/\" rel=\"tag\">10h-16h<\/a><span class=\"wp-block-post-terms__separator\"> <\/span><a href=\"https:\/\/foxinabox.ba\/en\/product-tag\/nije-igra-cijena-za-team-building-dogadjaj\/\" rel=\"tag\">Not a game\/price for a team-building event<\/a><span class=\"wp-block-post-terms__separator\"> <\/span><a href=\"https:\/\/foxinabox.ba\/en\/product-tag\/odlicno-za-porodice-i-prijatelje\/\" rel=\"tag\">Great for families and friends. \ud83d\udc68\u200d\ud83d\udc69\u200d\ud83d\udc67\u200d\ud83d\udc66\u2728<\/a><span class=\"wp-block-post-terms__separator\"> <\/span><a href=\"https:\/\/foxinabox.ba\/en\/product-tag\/pon-sub\/\" rel=\"tag\">MON-SAT<\/a><span class=\"wp-block-post-terms__separator\"> <\/span><a href=\"https:\/\/foxinabox.ba\/en\/product-tag\/unutarnja-aktivnost\/\" rel=\"tag\">INDOOR-ACTIVITY<\/a><\/div>\n\n<div style=\"margin-bottom:var(--wp--preset--spacing--60);\" class=\"wp-block-post-excerpt\"><p class=\"wp-block-post-excerpt__excerpt\">Welcome to The Secret of the Sarajevo Museum. In front of you is a completely new adventure that takes place in the Museum of the City of Sarajevo, located in the picturesque area of Ba\u0161\u010dar\u0161ija.\n\nYou are world-renowned museum researchers, and your task is to uncover the long-kept secret of the Museum\u2026 <\/p><\/div>\n\n<div data-block-name=\"woocommerce\/add-to-cart-form\" class=\"wp-block-add-to-cart-form wc-block-add-to-cart-form wc-block-add-to-cart-form--input wp-block-woocommerce-add-to-cart-form\" >\n\t\n\t<form class=\"cart\" action=\"https:\/\/foxinabox.ba\/en\/p\/fox-hunt\/the-secret-of-sarajevo-museum\/\" method=\"post\" enctype='multipart\/form-data' data-trp-original-action=\"https:\/\/foxinabox.ba\/en\/p\/fox-hunt\/the-secret-of-sarajevo-museum\/\">\n\t\t\n\t\t<div class=\"quantity\">\n\t\t<label class=\"screen-reader-text\" for=\"quantity_69d5aed095c52\">TAJNA MUZEJA SARAJEVA quantity<\/label>\n\t<input\n\t\ttype=\"number\"\n\t\t\t\tid=\"quantity_69d5aed095c52\"\n\t\tclass=\"input-text qty text\"\n\t\tname=\"quantity\"\n\t\tvalue=\"1\"\n\t\taria-label=\"Product quantity\"\n\t\t\t\tmin=\"1\"\n\t\t\t\t\t\t\tstep=\"1\"\n\t\t\tplaceholder=\"\"\n\t\t\tinputmode=\"numeric\"\n\t\t\tautocomplete=\"off\"\n\t\t\t\/>\n\t<\/div>\n\n\t\t<button type=\"submit\" name=\"add-to-cart\" value=\"2498\" class=\"single_add_to_cart_button button alt wp-element-button\">Add to cart<\/button>\n\n\t\t\t<input type=\"hidden\" name=\"trp-form-language\" value=\"en\"\/><\/form>\n\n\t\n<\/div><\/div>\n<\/div>\n<\/div>\n<\/div>\n<\/div>\n\n\n\n<div class=\"wp-block-columns is-layout-flex wp-container-core-columns-is-layout-a4fe827e wp-block-columns-is-layout-flex\" style=\"padding-bottom:var(--wp--preset--spacing--70)\">\n<div class=\"wp-block-column is-layout-flow wp-block-column-is-layout-flow\" style=\"flex-basis:100%\">\n<div class=\"wp-block-columns is-layout-flex wp-container-core-columns-is-layout-28f84493 wp-block-columns-is-layout-flex\">\n<div class=\"wp-block-column is-layout-flow wp-block-column-is-layout-flow\" style=\"flex-basis:70%\">\n<h4 class=\"wp-block-heading has-regular-font-size\" style=\"padding-bottom:var(--wp--preset--spacing--40);text-transform:uppercase\">In this exciting adventure, you are presented with the latest challenge in the Museum of the City of Sarajevo (located in Brusa Bezistan in the heart of Ba\u0161\u010dar\u0161ija), where along the way you will discover new and lesser-known details from the history of Sarajevo.<\/h4>\n<\/div>\n<\/div>\n\n\n\n<div class=\"wp-block-columns stack-on-tablet--portrait is-layout-flex wp-container-core-columns-is-layout-f5a44f5b wp-block-columns-is-layout-flex\">\n<div class=\"wp-block-column is-layout-flow wp-block-column-is-layout-flow\" style=\"flex-basis:50%\">\n<p>By a twist of fate, you go from being ordinary museum visitors to museum researchers. Suddenly, you receive a letter from Mr. Fox, a world-renowned museum researcher, informing you about the discoveries and details he uncovered during his investigations of the Sarajevo Museum.\n\nSince he is not present, a true challenge awaits you in a historical journey through time to prove that the trust placed in you was well deserved. The task is not easy, but Mr. Fox has great confidence in you\u2026\n\nGood luck!<\/p>\n<\/div>\n\n\n\n<div class=\"wp-block-column is-layout-flow wp-block-column-is-layout-flow\" style=\"flex-basis:50%\">\n<p><strong>Important:<\/strong>The museum entrance ticket is included in the game price. The museum address is: Abad\u017eiluk 10.\n\nPlease take note of the museum\u2019s opening hours (10:00\u201316:00, every day except Sunday) for regular visits.\n\nIf you are a larger group (15\u201340 participants or more), please fill out the inquiry form in the team building section of our website, and we will send you an email with all the details and a customized offer.<\/p>\n\n\n\n<p><span id=\"docs-internal-guid-91700083-7fff-80ef-39f6-f8e1c396ce27\"><\/span><\/p>\n<\/div>\n<\/div>\n<\/div>\n<\/div>\n\n\n\n<div class=\"wp-block-cover\"><img decoding=\"async\" class=\"wp-block-cover__image-background wp-image-177\" alt=\"\" src=\"https:\/\/hunt.foxinabox.ba\/wp-content\/uploads\/2023\/07\/image-233-1.jpg\" data-object-fit=\"cover\"\/><span aria-hidden=\"true\" class=\"wp-block-cover__background has-background-dim-70 has-background-dim\"><\/span><div class=\"wp-block-cover__inner-container is-layout-flow wp-block-cover-is-layout-flow\">\n<div class=\"wp-block-group is-layout-flow wp-block-group-is-layout-flow\" style=\"border-radius:4px;padding-top:var(--wp--preset--spacing--30);padding-right:var(--wp--preset--spacing--20);padding-bottom:var(--wp--preset--spacing--30);padding-left:var(--wp--preset--spacing--20)\">\n<div class=\"wp-block-columns is-layout-flex wp-container-core-columns-is-layout-28f84493 wp-block-columns-is-layout-flex\">\n<div class=\"wp-block-column is-layout-flow wp-block-column-is-layout-flow\" style=\"flex-basis:55%\">\n<h4 class=\"wp-block-heading has-secondary-color has-text-color has-regular-font-size\" style=\"padding-bottom:var(--wp--preset--spacing--50);line-height:1;text-transform:uppercase\">HOW IT ALL WORKS<\/h4>\n\n\n\n<div style=\"height:10px\" aria-hidden=\"true\" class=\"wp-block-spacer\"><\/div>\n<\/div>\n<\/div>\n\n\n\n<div class=\"wp-block-columns is-layout-flex wp-container-core-columns-is-layout-28f84493 wp-block-columns-is-layout-flex\">\n<div class=\"wp-block-column is-layout-flow wp-block-column-is-layout-flow\" style=\"flex-basis:90%\">\n<ul style=\"font-style:normal;font-weight:700;line-height:2;text-transform:uppercase\" class=\"wp-block-list list-style-checkmark has-secondary-color has-text-color has-tiny-font-size\">\n<li>CHOOSE YOUR GAME<\/li>\n\n\n\n<li>Complete the purchase of the game you want to play<\/li>\n\n\n\n<li>YOU WILL RECEIVE AN EMAIL WITH SPECIAL INSTRUCTIONS<\/li>\n\n\n\n<li>Gather your team<\/li>\n\n\n\n<li>Charge your phone battery<\/li>\n\n\n\n<li>Make sure you have mobile internet available<\/li>\n\n\n\n<li>If the game is played outdoors, check the weather forecast<\/li>\n\n\n\n<li>Dress comfortably for walking and exploring<\/li>\n\n\n\n<li>Be at the location of your game<\/li>\n\n\n\n<li>START THE GAME\nFollow the instructions you receive to begin.<\/li>\n\n\n\n<li>Don\u2019t worry\u2014if it starts raining, the kids get tired, you want to grab a drink, or you get hungry, you can always take a break and continue anytime the same day or even the next day, all without affecting your total game score.<\/li>\n\n\n\n<li>Before you start, read the FAQ (Frequently Asked Questions) to better understand the concept and rules of the game.<\/li>\n\n\n\n<li>While playing, pay attention to your movement and surroundings. Your safety is a priority, as well as the safety of others.<\/li>\n\n\n\n<li>SOLVE THE MYSTERY AND HAVE FUN!<\/li>\n<\/ul>\n\n\n\n<div style=\"height:20px\" aria-hidden=\"true\" class=\"wp-block-spacer\"><\/div>\n<\/div>\n<\/div>\n<\/div>\n<\/div><\/div>","protected":false},"excerpt":{"rendered":"<p><span style=\"font-weight: 400;\">Welcome to The Secret of the Sarajevo Museum. In front of you is a completely new adventure that takes place in the Museum of the City of Sarajevo, located in the picturesque area of Ba\u0161\u010dar\u0161ija.\n\nYou are world-renowned museum researchers, and your task is to uncover the long-kept secret of the Museum\u2026<\/span><\/p>","protected":false},"featured_media":2502,"comment_status":"closed","ping_status":"closed","template":"","meta":{"_sitemap_exclude":false,"_sitemap_priority":"","_sitemap_frequency":""},"foxhunt-tags":[],"product_brand":[],"product_cat":[21],"product_tag":[51,60,57,64,63],"class_list":{"0":"post-2498","1":"product","2":"type-product","3":"status-publish","4":"has-post-thumbnail","6":"product_cat-fox-hunt","7":"product_tag-10h-16h","8":"product_tag-nije-igra-cijena-za-team-building-dogadjaj","9":"product_tag-odlicno-za-porodice-i-prijatelje","10":"product_tag-pon-sub","11":"product_tag-unutarnja-aktivnost","13":"first","14":"instock","15":"virtual","16":"purchasable","17":"product-type-simple"},"_links":{"self":[{"href":"https:\/\/foxinabox.ba\/en\/wp-json\/wp\/v2\/product\/2498","targetHints":{"allow":["GET"]}}],"collection":[{"href":"https:\/\/foxinabox.ba\/en\/wp-json\/wp\/v2\/product"}],"about":[{"href":"https:\/\/foxinabox.ba\/en\/wp-json\/wp\/v2\/types\/product"}],"replies":[{"embeddable":true,"href":"https:\/\/foxinabox.ba\/en\/wp-json\/wp\/v2\/comments?post=2498"}],"wp:featuredmedia":[{"embeddable":true,"href":"https:\/\/foxinabox.ba\/en\/wp-json\/wp\/v2\/media\/2502"}],"wp:attachment":[{"href":"https:\/\/foxinabox.ba\/en\/wp-json\/wp\/v2\/media?parent=2498"}],"wp:term":[{"taxonomy":"foxhunt-tags","embeddable":true,"href":"https:\/\/foxinabox.ba\/en\/wp-json\/wp\/v2\/foxhunt-tags?post=2498"},{"taxonomy":"product_brand","embeddable":true,"href":"https:\/\/foxinabox.ba\/en\/wp-json\/wp\/v2\/product_brand?post=2498"},{"taxonomy":"product_cat","embeddable":true,"href":"https:\/\/foxinabox.ba\/en\/wp-json\/wp\/v2\/product_cat?post=2498"},{"taxonomy":"product_tag","embeddable":true,"href":"https:\/\/foxinabox.ba\/en\/wp-json\/wp\/v2\/product_tag?post=2498"}],"curies":[{"name":"wp","href":"https:\/\/api.w.org\/{rel}","templated":true}]}}